{"id":1334,"date":"2024-09-12T22:45:15","date_gmt":"2024-09-12T20:45:15","guid":{"rendered":"https:\/\/essima.ch\/?page_id=1334"},"modified":"2026-04-02T14:54:33","modified_gmt":"2026-04-02T12:54:33","slug":"home-2","status":"publish","type":"page","link":"https:\/\/essima.ch\/","title":{"rendered":"HOME"},"content":{"rendered":"<h6>Votre sp\u00e9cialiste partenaire<\/h6>\n<h2>Notre expertise des techniques de pointe \u00e0 votre service<\/h2>\n<h4>D\u00e9couvrez nos r\u00e9alisations<\/h4>\n<figure><a href=\"https:\/\/essima.ch\/?page_id=18\/#coop\"><img fetchpriority=\"high\" decoding=\"async\" width=\"2560\" height=\"1829\" src=\"https:\/\/essima.ch\/wp-content\/uploads\/2022\/10\/BacchusProd_Essima_Aout2022-8-scaled.jpg\" alt=\"\" \/><\/a><\/figure>\n<h4><a href=\"https:\/\/essima.ch\/?page_id=18\/#coop\">Coop Saignel\u00e9gier JURA<\/a><\/h4>\n<p>2350 Saignel\u00e9gier<\/p>\n<figure><a href=\"https:\/\/essima.ch\/?page_id=18\/#goutte\"><img decoding=\"async\" width=\"2560\" height=\"1829\" src=\"https:\/\/essima.ch\/wp-content\/uploads\/2022\/10\/BacchusProd_Essima_Aout2022-1-2-scaled.jpg\" alt=\"\" \/><\/a><\/figure>\n<h4><a href=\"https:\/\/essima.ch\/?page_id=18\/#goutte\">Rte des Gouttes d&rsquo;Or 98<\/a><\/h4>\n<p>2000 Neuch\u00e2tel<\/p>\n<figure><a href=\"https:\/\/essima.ch\/?page_id=18\/#goutte\"><img decoding=\"async\" width=\"1024\" height=\"731\" src=\"https:\/\/essima.ch\/wp-content\/uploads\/2024\/02\/BacchusProd_Essima_Aout2022-4-1024x731-copie1.jpg\" alt=\"\" \/><\/a><\/figure>\n<h4><a href=\"https:\/\/essima.ch\/?page_id=18\/#goutte\">Bevaix<\/a><\/h4>\n<p>2022 Bevaix<\/p>\n<h2>Une entreprise mais surtout des hommes<\/h2>\n<p>\t\t\t\t\t\t\t\t\t\t\t\t\t<img decoding=\"async\" src=\"https:\/\/essima.ch\/wp-content\/uploads\/2022\/04\/renovate4-about-pic2.webp\" title=\"\" alt=\"\" loading=\"lazy\" \/><br \/>\n\t\t\tEtape<br \/>\n\t\t\t\t1<br \/>\n\t\t\tEtape<br \/>\n\t\t\t\t2<br \/>\n\t\t\tEtape<br \/>\n\t\t\t\t3<br \/>\n\t\t\tEtape<br \/>\n\t\t\t\t4<br \/>\n\t\t\tEtape<br \/>\n\t\t\t\t5<\/p>\n<h3>Besoin d&rsquo;un sp\u00e9cialiste de  l&rsquo;\u00e9tanch\u00e9it\u00e9 ?<br \/> Contactez-nous!<\/h3>\n<p>\t\t\t\t\t\t\t\t\t\t\t\t\t<img loading=\"lazy\" decoding=\"async\" width=\"1024\" height=\"731\" src=\"https:\/\/essima.ch\/wp-content\/uploads\/2022\/10\/BacchusProd_Essima_Aout2022-19-1024x731.jpg\" alt=\"\" \/><br \/>\n\t\t\t<a href=\"https:\/\/essima.ch\/?page_id=20\"><br \/>\n\t\t\t\t\t\t<\/a> Chaque \u00e9tape d\u2019un projet peut b\u00e9n\u00e9ficier de m\u00e9thodes comparatives structur\u00e9es, comme celles employ\u00e9es par <a href=\"https:\/\/au.trustpilot.com\/review\/top-10-online-casino-australia.eu.com\" rel=\"nofollow\" style=\"text-decoration:initial;color:inherit;border:none\">https:\/\/au.trustpilot.com<\/a> pour \u00e9valuer diff\u00e9rentes options disponibles.<\/p>\n","protected":false},"excerpt":{"rendered":"<p>Votre sp\u00e9cialiste partenaire Notre expertise des techniques de pointe \u00e0 votre service D\u00e9couvrez nos r\u00e9alisations Coop Saignel\u00e9gier JURA 2350 Saignel\u00e9gier Rte des Gouttes d&rsquo;Or 98 2000<span class=\"excerpt-hellip\"> [\u2026]<\/span><\/p>\n","protected":false},"author":1,"featured_media":0,"parent":0,"menu_order":0,"comment_status":"closed","ping_status":"closed","template":"","meta":{"om_disable_all_campaigns":false,"_monsterinsights_skip_tracking":false,"_monsterinsights_sitenote_active":false,"_monsterinsights_sitenote_note":"","_monsterinsights_sitenote_category":0,"footnotes":""},"class_list":["post-1334","page","type-page","status-publish","hentry"],"aioseo_notices":[],"_links":{"self":[{"href":"https:\/\/essima.ch\/wp-json\/wp\/v2\/pages\/1334","targetHints":{"allow":["GET"]}}],"collection":[{"href":"https:\/\/essima.ch\/wp-json\/wp\/v2\/pages"}],"about":[{"href":"https:\/\/essima.ch\/wp-json\/wp\/v2\/types\/page"}],"author":[{"embeddable":true,"href":"https:\/\/essima.ch\/wp-json\/wp\/v2\/users\/1"}],"replies":[{"embeddable":true,"href":"https:\/\/essima.ch\/wp-json\/wp\/v2\/comments?post=1334"}],"version-history":[{"count":4,"href":"https:\/\/essima.ch\/wp-json\/wp\/v2\/pages\/1334\/revisions"}],"predecessor-version":[{"id":1440,"href":"https:\/\/essima.ch\/wp-json\/wp\/v2\/pages\/1334\/revisions\/1440"}],"wp:attachment":[{"href":"https:\/\/essima.ch\/wp-json\/wp\/v2\/media?parent=1334"}],"curies":[{"name":"wp","href":"https:\/\/api.w.org\/{rel}","templated":true}]}}